{"id":29,"date":"2016-04-05T11:37:53","date_gmt":"2016-04-05T09:37:53","guid":{"rendered":"http:\/\/www2.jorgenscykel.se\/?page_id=29"},"modified":"2024-04-25T14:36:33","modified_gmt":"2024-04-25T12:36:33","slug":"cykelverkstaden","status":"publish","type":"page","link":"https:\/\/www.jorgenscykel.se\/index.php\/cykelverkstaden\/","title":{"rendered":"Cykelverkstaden"},"content":{"rendered":"[vc_row type=&#8221;full_width_content&#8221; full_screen_row_position=&#8221;middle&#8221; column_margin=&#8221;default&#8221; column_direction=&#8221;default&#8221; column_direction_tablet=&#8221;default&#8221; column_direction_phone=&#8221;default&#8221; scene_position=&#8221;center&#8221; text_color=&#8221;light&#8221; text_align=&#8221;center&#8221; row_border_radius=&#8221;none&#8221; row_border_radius_applies=&#8221;bg&#8221; overflow=&#8221;visible&#8221; advanced_gradient_angle=&#8221;0&#8243; overlay_strength=&#8221;0.3&#8243; gradient_direction=&#8221;left_to_right&#8221; shape_divider_position=&#8221;bottom&#8221; bg_image_animation=&#8221;none&#8221; gradient_type=&#8221;default&#8221; shape_type=&#8221;&#8221;][vc_column column_padding=&#8221;padding-7-percent&#8221; column_padding_tablet=&#8221;inherit&#8221; column_padding_phone=&#8221;inherit&#8221; column_padding_position=&#8221;all&#8221; column_element_spacing=&#8221;default&#8221; background_color=&#8221;#000000&#8243; background_color_opacity=&#8221;0.2&#8243; background_hover_color_opacity=&#8221;1&#8243; background_image=&#8221;220&#8243; background_image_position=&#8221;center center&#8221; background_image_loading=&#8221;default&#8221; column_shadow=&#8221;none&#8221; column_border_radius=&#8221;none&#8221; column_link_target=&#8221;_self&#8221; column_position=&#8221;default&#8221; advanced_gradient_angle=&#8221;0&#8243; gradient_direction=&#8221;left_to_right&#8221; overlay_strength=&#8221;0.3&#8243; width=&#8221;1\/1&#8243; tablet_width_inherit=&#8221;default&#8221; tablet_text_alignment=&#8221;default&#8221; phone_text_alignment=&#8221;default&#8221; animation_type=&#8221;default&#8221; bg_image_animation=&#8221;none&#8221; border_type=&#8221;simple&#8221; column_border_width=&#8221;none&#8221; column_border_style=&#8221;solid&#8221; gradient_type=&#8221;default&#8221;][vc_column_text css_animation=&#8221;bounceInDown&#8221;]\n<h1 style=\"text-align: center;\">CYKELVERKSTADEN<\/h1>\n<h3 style=\"text-align: center;\">Vi lagar allt fr\u00e5n punkteringar, trasiga pedaler till kr\u00e5nglande v\u00e4xlar!<\/h3>\n<h3 style=\"text-align: center;\">Vi jobbar inte med bokning f\u00f6r service och reparation utan kom in med cykeln s\u00e5 tar vi hand om den snabbast m\u00f6jligt.<\/h3>\n<h3 style=\"text-align: center;\">Under h\u00f6gs\u00e4song kan man f\u00e5 v\u00e4nta p\u00e5 att f\u00e5 arbetet utf\u00f6rt d\u00e5 det ofta \u00e4r oerh\u00f6rt h\u00e5rt tryck i verkstaden.<\/h3>\n[\/vc_column_text][vc_column_text]\n<h1 style=\"text-align: center;\"><\/h1>\n[\/vc_column_text][\/vc_column][\/vc_row][vc_row type=&#8221;full_width_content&#8221; full_screen_row_position=&#8221;middle&#8221; column_margin=&#8221;default&#8221; column_direction=&#8221;default&#8221; column_direction_tablet=&#8221;default&#8221; column_direction_phone=&#8221;default&#8221; scene_position=&#8221;center&#8221; text_color=&#8221;light&#8221; text_align=&#8221;left&#8221; row_border_radius=&#8221;none&#8221; row_border_radius_applies=&#8221;bg&#8221; overflow=&#8221;visible&#8221; overlay_strength=&#8221;0.3&#8243; gradient_direction=&#8221;left_to_right&#8221; shape_divider_position=&#8221;bottom&#8221; bg_image_animation=&#8221;none&#8221;][vc_column column_padding=&#8221;padding-7-percent&#8221; column_padding_tablet=&#8221;inherit&#8221; column_padding_phone=&#8221;inherit&#8221; column_padding_position=&#8221;all&#8221; column_element_spacing=&#8221;default&#8221; background_color=&#8221;#000000&#8243; background_color_opacity=&#8221;0.4&#8243; background_color_hover=&#8221;#000000&#8243; background_hover_color_opacity=&#8221;0.8&#8243; background_image=&#8221;177&#8243; background_image_position=&#8221;center center&#8221; background_image_loading=&#8221;default&#8221; font_color=&#8221;#ffffff&#8221; column_shadow=&#8221;none&#8221; column_border_radius=&#8221;none&#8221; column_link_target=&#8221;_self&#8221; column_position=&#8221;default&#8221; advanced_gradient_angle=&#8221;0&#8243; gradient_direction=&#8221;left_to_right&#8221; overlay_strength=&#8221;0.3&#8243; width=&#8221;1\/2&#8243; tablet_width_inherit=&#8221;default&#8221; tablet_text_alignment=&#8221;default&#8221; phone_text_alignment=&#8221;default&#8221; animation_type=&#8221;default&#8221; bg_image_animation=&#8221;none&#8221; border_type=&#8221;simple&#8221; column_border_width=&#8221;none&#8221; column_border_style=&#8221;solid&#8221; gradient_type=&#8221;default&#8221;][vc_column_text]\n<h3 style=\"text-align: center;\">Hjul<\/h3>\n<h4 style=\"text-align: center;\">Vi fixar det mesta p\u00e5 era hjul, riktning, byte av f\u00e4lgar osv. oavsett typ av cykel.<br \/>\nNavservicear \u00e4r n\u00e5got vi utf\u00f6r dagligen, avskriv inte ditt bakhjul f\u00f6r att navv\u00e4xeln kr\u00e5nglar, l\u00e5t oss ta en titt p\u00e5 det f\u00f6rst.<br \/>\nNaturligtvis fixar vi punkteringar ocks\u00e5.<\/h4>\n[\/vc_column_text][\/vc_column][vc_column column_padding=&#8221;padding-7-percent&#8221; column_padding_tablet=&#8221;inherit&#8221; column_padding_phone=&#8221;inherit&#8221; column_padding_position=&#8221;all&#8221; column_element_spacing=&#8221;default&#8221; background_color=&#8221;#000000&#8243; background_color_opacity=&#8221;0.4&#8243; background_color_hover=&#8221;#000000&#8243; background_hover_color_opacity=&#8221;0.8&#8243; background_image=&#8221;189&#8243; background_image_position=&#8221;center center&#8221; background_image_loading=&#8221;default&#8221; column_shadow=&#8221;none&#8221; column_border_radius=&#8221;none&#8221; column_link_target=&#8221;_self&#8221; column_position=&#8221;default&#8221; advanced_gradient_angle=&#8221;0&#8243; gradient_direction=&#8221;left_to_right&#8221; overlay_strength=&#8221;0.3&#8243; width=&#8221;1\/2&#8243; tablet_width_inherit=&#8221;default&#8221; tablet_text_alignment=&#8221;default&#8221; phone_text_alignment=&#8221;default&#8221; animation_type=&#8221;default&#8221; bg_image_animation=&#8221;none&#8221; border_type=&#8221;simple&#8221; column_border_width=&#8221;none&#8221; column_border_style=&#8221;solid&#8221; gradient_type=&#8221;default&#8221;][vc_column_text]\n<h3 style=\"text-align: center;\">Drivlina<\/h3>\n<h4 style=\"text-align: center;\">En alldeles f\u00f6r ofta f\u00f6rbisedd detalj p\u00e5 cykeln.<br \/>\nVi ser till att dessa detaljer servas eller byts ut vid behov.<br \/>\nVi fixar ocks\u00e5 s\u00e5 att dina v\u00e4xlar beter sig som de \u00e4r avsedda att fungera.<\/h4>\n[\/vc_column_text][\/vc_column][\/vc_row][vc_row type=&#8221;full_width_content&#8221; full_screen_row_position=&#8221;middle&#8221; column_margin=&#8221;default&#8221; column_direction=&#8221;default&#8221; column_direction_tablet=&#8221;default&#8221; column_direction_phone=&#8221;default&#8221; scene_position=&#8221;center&#8221; text_color=&#8221;light&#8221; text_align=&#8221;left&#8221; row_border_radius=&#8221;none&#8221; row_border_radius_applies=&#8221;bg&#8221; overflow=&#8221;visible&#8221; overlay_strength=&#8221;0.3&#8243; gradient_direction=&#8221;left_to_right&#8221; shape_divider_position=&#8221;bottom&#8221; bg_image_animation=&#8221;none&#8221;][vc_column column_padding=&#8221;padding-7-percent&#8221; column_padding_tablet=&#8221;inherit&#8221; column_padding_phone=&#8221;inherit&#8221; column_padding_position=&#8221;all&#8221; column_element_spacing=&#8221;default&#8221; background_color=&#8221;#000000&#8243; background_color_opacity=&#8221;0.4&#8243; background_color_hover=&#8221;#000000&#8243; background_hover_color_opacity=&#8221;0.8&#8243; background_image=&#8221;187&#8243; background_image_position=&#8221;center center&#8221; background_image_loading=&#8221;default&#8221; column_shadow=&#8221;none&#8221; column_border_radius=&#8221;none&#8221; column_link_target=&#8221;_self&#8221; column_position=&#8221;default&#8221; advanced_gradient_angle=&#8221;0&#8243; gradient_direction=&#8221;left_to_right&#8221; overlay_strength=&#8221;0.3&#8243; width=&#8221;1\/2&#8243; tablet_width_inherit=&#8221;default&#8221; tablet_text_alignment=&#8221;default&#8221; phone_text_alignment=&#8221;default&#8221; animation_type=&#8221;default&#8221; bg_image_animation=&#8221;none&#8221; border_type=&#8221;simple&#8221; column_border_width=&#8221;none&#8221; column_border_style=&#8221;solid&#8221; gradient_type=&#8221;default&#8221;][vc_column_text]\n<h3 style=\"text-align: center;\">Kickbikes<\/h3>\n<h4 style=\"text-align: center;\">Jod\u00e5, vi fixar med dessa ocks\u00e5, dock inte alla modeller, men de vanligaste \u00e4r vi inte fr\u00e4mmande f\u00f6r att hj\u00e4lpa er.<br \/>\nExempelvis Xiaomi, Segway och E-Wheels \u00e4r scootrar vi reparerat fr\u00e4mst punkteringar p\u00e5 i hundratalet det senaste \u00e5ret.<br \/>\nVi h\u00e5ller med d\u00e4ck och slang till dessa ocks\u00e5.<\/h4>\n[\/vc_column_text][\/vc_column][vc_column column_padding=&#8221;padding-7-percent&#8221; column_padding_tablet=&#8221;inherit&#8221; column_padding_phone=&#8221;inherit&#8221; column_padding_position=&#8221;all&#8221; column_element_spacing=&#8221;default&#8221; background_color=&#8221;#000000&#8243; background_color_opacity=&#8221;0.4&#8243; background_color_hover=&#8221;#000000&#8243; background_hover_color_opacity=&#8221;0.8&#8243; background_image=&#8221;191&#8243; background_image_position=&#8221;center center&#8221; background_image_loading=&#8221;default&#8221; column_shadow=&#8221;none&#8221; column_border_radius=&#8221;none&#8221; column_link_target=&#8221;_self&#8221; column_position=&#8221;default&#8221; advanced_gradient_angle=&#8221;0&#8243; gradient_direction=&#8221;left_to_right&#8221; overlay_strength=&#8221;0.3&#8243; width=&#8221;1\/2&#8243; tablet_width_inherit=&#8221;default&#8221; tablet_text_alignment=&#8221;default&#8221; phone_text_alignment=&#8221;default&#8221; animation_type=&#8221;default&#8221; bg_image_animation=&#8221;none&#8221; border_type=&#8221;simple&#8221; column_border_width=&#8221;none&#8221; column_border_style=&#8221;solid&#8221; gradient_type=&#8221;default&#8221;][vc_column_text]\n<h3 style=\"text-align: center;\">Service<\/h3>\n<h4 style=\"text-align: center;\">Cykling \u00e4r en fantastisk idrott och en viktig form av transport f\u00f6r m\u00e5nga m\u00e4nniskor. Men f\u00f6r att din cykel ska fungera som den ska och h\u00e5lla i m\u00e5nga \u00e5r \u00e4r det viktigt att du tar hand om den p\u00e5 r\u00e4tt s\u00e4tt. Ett servicepaket f\u00f6r cyklar \u00e4r ett enkelt s\u00e4tt att s\u00e4kerst\u00e4lla att din cykel alltid \u00e4r i toppskick.<br \/>\nEn regelbunden service f\u00f6r din cykel kan f\u00f6rb\u00e4ttra dess prestanda och f\u00f6rl\u00e4nga dess livsl\u00e4ngd. Det hj\u00e4lper ocks\u00e5 till att f\u00f6rebygga problem och on\u00f6digt slitage p\u00e5 komponenter, vilket kan spara dig pengar i l\u00e4ngden. En v\u00e4lservad cykel \u00e4r ocks\u00e5 s\u00e4krare att anv\u00e4nda, eftersom alla komponenter fungerar som de ska.<\/h4>\n[\/vc_column_text][\/vc_column][\/vc_row]\n","protected":false},"excerpt":{"rendered":"<p>[vc_row type=&#8221;full_width_content&#8221; full_screen_row_position=&#8221;middle&#8221; column_margin=&#8221;default&#8221; column_direction=&#8221;default&#8221; column_direction_tablet=&#8221;default&#8221; column_direction_phone=&#8221;default&#8221; scene_position=&#8221;center&#8221; text_color=&#8221;light&#8221; text_align=&#8221;center&#8221; row_border_radius=&#8221;none&#8221; row_border_radius_applies=&#8221;bg&#8221; overflow=&#8221;visible&#8221; advanced_gradient_angle=&#8221;0&#8243; overlay_strength=&#8221;0.3&#8243; gradient_direction=&#8221;left_to_right&#8221; shape_divider_position=&#8221;bottom&#8221; bg_image_animation=&#8221;none&#8221; gradient_type=&#8221;default&#8221; shape_type=&#8221;&#8221;][vc_column column_padding=&#8221;padding-7-percent&#8221; column_padding_tablet=&#8221;inherit&#8221; column_padding_phone=&#8221;inherit&#8221; column_padding_position=&#8221;all&#8221; column_element_spacing=&#8221;default&#8221; background_color=&#8221;#000000&#8243; background_color_opacity=&#8221;0.2&#8243; background_hover_color_opacity=&#8221;1&#8243; background_image=&#8221;220&#8243; background_image_position=&#8221;center&#8230;<\/p>\n","protected":false},"author":1,"featured_media":0,"parent":0,"menu_order":0,"comment_status":"closed","ping_status":"closed","template":"","meta":{"footnotes":""},"class_list":["post-29","page","type-page","status-publish"],"_links":{"self":[{"href":"https:\/\/www.jorgenscykel.se\/index.php\/wp-json\/wp\/v2\/pages\/29","targetHints":{"allow":["GET"]}}],"collection":[{"href":"https:\/\/www.jorgenscykel.se\/index.php\/wp-json\/wp\/v2\/pages"}],"about":[{"href":"https:\/\/www.jorgenscykel.se\/index.php\/wp-json\/wp\/v2\/types\/page"}],"author":[{"embeddable":true,"href":"https:\/\/www.jorgenscykel.se\/index.php\/wp-json\/wp\/v2\/users\/1"}],"replies":[{"embeddable":true,"href":"https:\/\/www.jorgenscykel.se\/index.php\/wp-json\/wp\/v2\/comments?post=29"}],"version-history":[{"count":68,"href":"https:\/\/www.jorgenscykel.se\/index.php\/wp-json\/wp\/v2\/pages\/29\/revisions"}],"predecessor-version":[{"id":642,"href":"https:\/\/www.jorgenscykel.se\/index.php\/wp-json\/wp\/v2\/pages\/29\/revisions\/642"}],"wp:attachment":[{"href":"https:\/\/www.jorgenscykel.se\/index.php\/wp-json\/wp\/v2\/media?parent=29"}],"curies":[{"name":"wp","href":"https:\/\/api.w.org\/{rel}","templated":true}]}}